{"id":98,"date":"2019-11-21T21:22:13","date_gmt":"2019-11-21T21:22:13","guid":{"rendered":"http:\/\/www.sorros.fi\/?page_id=98"},"modified":"2022-10-09T20:17:46","modified_gmt":"2022-10-09T17:17:46","slug":"kiinnitysjarjestelmat","status":"publish","type":"page","link":"https:\/\/www.sorros.fi\/index.php\/kiinnitysjarjestelmat\/","title":{"rendered":"Kiinnitysj\u00e4rjestelm\u00e4t"},"content":{"rendered":"\n<p>Pystymme tarjoamaan useille kattotyypeille ja sein\u00e4asennukseen laadukkaat kiinnitysj\u00e4rjestelm\u00e4t suoraan varastostamme. Kiinnikkeet toimittaa meille suomalainen Orima. My\u00f6s tasakattoasennuksiin soveltuva Alfa-j\u00e4rjestelm\u00e4 sek\u00e4 Solar-Up-j\u00e4rjestelm\u00e4 ilman lis\u00e4painoja l\u00f6ytyv\u00e4t valikoimastamme.<\/p>\n\n\n\n<div data-wp-interactive=\"core\/file\" class=\"wp-block-file\"><object data-wp-bind--hidden=\"!state.hasPdfPreview\" hidden class=\"wp-block-file__embed\" data=\"http:\/\/www.sorros.fi\/wp-content\/uploads\/2022\/10\/Orima-Solar-DELTA.pdf\" type=\"application\/pdf\" style=\"width:100%;height:600px\" aria-label=\"Tiedoston Tiedoston Orima-Solar-DELTA upotus. upotus.\"><\/object><a id=\"wp-block-file--media-2b8dd3ec-aec5-4fdb-b49d-faa51881ce1b\" href=\"http:\/\/www.sorros.fi\/wp-content\/uploads\/2022\/10\/Orima-Solar-DELTA.pdf\">Orima-Solar-DELTA<\/a><a href=\"http:\/\/www.sorros.fi\/wp-content\/uploads\/2022\/10\/Orima-Solar-DELTA.pdf\" class=\"wp-block-file__button\" download aria-describedby=\"wp-block-file--media-2b8dd3ec-aec5-4fdb-b49d-faa51881ce1b\">Lataa<\/a><\/div>\n\n\n\n<div data-wp-interactive=\"core\/file\" class=\"wp-block-file\"><object data-wp-bind--hidden=\"!state.hasPdfPreview\" hidden class=\"wp-block-file__embed\" data=\"http:\/\/www.sorros.fi\/wp-content\/uploads\/2022\/10\/Orima-Solar-Delta-Easy-Rail-kaltevat-katot-2022.pdf\" type=\"application\/pdf\" style=\"width:100%;height:600px\" aria-label=\"Tiedoston Tiedoston Orima-Solar-Delta-Easy-Rail-kaltevat-katot-2022 upotus. upotus.\"><\/object><a id=\"wp-block-file--media-30c51bed-1868-43c8-87c5-2d43eed6cf47\" href=\"http:\/\/www.sorros.fi\/wp-content\/uploads\/2022\/10\/Orima-Solar-Delta-Easy-Rail-kaltevat-katot-2022.pdf\">Orima-Solar-Delta-Easy-Rail-kaltevat-katot-2022<\/a><a href=\"http:\/\/www.sorros.fi\/wp-content\/uploads\/2022\/10\/Orima-Solar-Delta-Easy-Rail-kaltevat-katot-2022.pdf\" class=\"wp-block-file__button\" download aria-describedby=\"wp-block-file--media-30c51bed-1868-43c8-87c5-2d43eed6cf47\">Lataa<\/a><\/div>\n\n\n\n<div class=\"wp-block-file\"><a id=\"wp-block-file--media-b5fcef03-eb16-470d-adb2-499a6e3fee9e\" href=\"http:\/\/www.sorros.fi\/wp-content\/uploads\/2021\/03\/Orima-ALFA-asennus-tasakatoille-EMAIL.pdf\">Orima ALFA asennus tasakatoille EMAIL<\/a><a href=\"http:\/\/www.sorros.fi\/wp-content\/uploads\/2021\/03\/Orima-ALFA-asennus-tasakatoille-EMAIL.pdf\" class=\"wp-block-file__button\" download aria-describedby=\"wp-block-file--media-b5fcef03-eb16-470d-adb2-499a6e3fee9e\">Lataa<\/a><\/div>\n\n\n\n<div data-wp-interactive=\"core\/file\" class=\"wp-block-file\"><object data-wp-bind--hidden=\"!state.hasPdfPreview\" hidden class=\"wp-block-file__embed\" data=\"http:\/\/www.sorros.fi\/wp-content\/uploads\/2022\/10\/Orima-ALFA-asennus-tasakatoille-EMAIL.pdf\" type=\"application\/pdf\" style=\"width:100%;height:600px\" aria-label=\"Tiedoston Tiedoston Orima-ALFA-asennus-tasakatoille-EMAIL upotus. upotus.\"><\/object><a id=\"wp-block-file--media-c533e04f-56d9-4021-a4d4-e79b7d3f3356\" href=\"http:\/\/www.sorros.fi\/wp-content\/uploads\/2022\/10\/Orima-ALFA-asennus-tasakatoille-EMAIL.pdf\">Orima-ALFA-asennus-tasakatoille-EMAIL<\/a><a href=\"http:\/\/www.sorros.fi\/wp-content\/uploads\/2022\/10\/Orima-ALFA-asennus-tasakatoille-EMAIL.pdf\" class=\"wp-block-file__button\" download aria-describedby=\"wp-block-file--media-c533e04f-56d9-4021-a4d4-e79b7d3f3356\">Lataa<\/a><\/div>\n\n\n\n<div data-wp-interactive=\"core\/file\" class=\"wp-block-file\"><object data-wp-bind--hidden=\"!state.hasPdfPreview\" hidden class=\"wp-block-file__embed\" data=\"http:\/\/www.sorros.fi\/wp-content\/uploads\/2022\/10\/Orima-SOLAR-UP-email.pdf\" type=\"application\/pdf\" style=\"width:100%;height:600px\" aria-label=\"Tiedoston Tiedoston Orima-SOLAR-UP-email upotus. upotus.\"><\/object><a id=\"wp-block-file--media-c942949d-c2e2-43a6-a12b-4cb966640011\" href=\"http:\/\/www.sorros.fi\/wp-content\/uploads\/2022\/10\/Orima-SOLAR-UP-email.pdf\">Orima-SOLAR-UP-email<\/a><a href=\"http:\/\/www.sorros.fi\/wp-content\/uploads\/2022\/10\/Orima-SOLAR-UP-email.pdf\" class=\"wp-block-file__button\" download aria-describedby=\"wp-block-file--media-c942949d-c2e2-43a6-a12b-4cb966640011\">Lataa<\/a><\/div>\n","protected":false},"excerpt":{"rendered":"<p>Pystymme tarjoamaan useille kattotyypeille ja sein\u00e4asennukseen laadukkaat kiinnitysj\u00e4rjestelm\u00e4t suoraan varastostamme. Kiinnikkeet toimittaa meille suomalainen Orima. My\u00f6s tasakattoasennuksiin soveltuva Alfa-j\u00e4rjestelm\u00e4 sek\u00e4 Solar-Up-j\u00e4rjestelm\u00e4 ilman lis\u00e4painoja l\u00f6ytyv\u00e4t valikoimastamme.<\/p>\n","protected":false},"author":1,"featured_media":0,"parent":0,"menu_order":0,"comment_status":"closed","ping_status":"closed","template":"","meta":{"footnotes":""},"class_list":["post-98","page","type-page","status-publish","hentry"],"_links":{"self":[{"href":"https:\/\/www.sorros.fi\/index.php\/wp-json\/wp\/v2\/pages\/98","targetHints":{"allow":["GET"]}}],"collection":[{"href":"https:\/\/www.sorros.fi\/index.php\/wp-json\/wp\/v2\/pages"}],"about":[{"href":"https:\/\/www.sorros.fi\/index.php\/wp-json\/wp\/v2\/types\/page"}],"author":[{"embeddable":true,"href":"https:\/\/www.sorros.fi\/index.php\/wp-json\/wp\/v2\/users\/1"}],"replies":[{"embeddable":true,"href":"https:\/\/www.sorros.fi\/index.php\/wp-json\/wp\/v2\/comments?post=98"}],"version-history":[{"count":10,"href":"https:\/\/www.sorros.fi\/index.php\/wp-json\/wp\/v2\/pages\/98\/revisions"}],"predecessor-version":[{"id":242,"href":"https:\/\/www.sorros.fi\/index.php\/wp-json\/wp\/v2\/pages\/98\/revisions\/242"}],"wp:attachment":[{"href":"https:\/\/www.sorros.fi\/index.php\/wp-json\/wp\/v2\/media?parent=98"}],"curies":[{"name":"wp","href":"https:\/\/api.w.org\/{rel}","templated":true}]}}